{"id":24,"date":"2022-11-11T15:46:21","date_gmt":"2022-11-11T15:46:21","guid":{"rendered":"http:\/\/nadiaguajardo.cl\/wp\/home\/"},"modified":"2023-05-12T13:14:39","modified_gmt":"2023-05-12T13:14:39","slug":"home","status":"publish","type":"page","link":"http:\/\/nadiaguajardo.cl\/wp\/","title":{"rendered":"Home"},"content":{"rendered":"\n\n\n\n\n\n<p><span style=\"letter-spacing: normal; text-decoration-style: initial;\">INVESTIGACI\u00d3N<\/span><br><\/p>\n\n\n\n\n\n<p style=\"text-align: left;\"><span style=\"color: rgb(255, 255, 255);\">Inmovilizaci\u00f3n de enzimas a soportes s\u00f3lidos, agregados entrecruzados y<br>encapsulaci\u00f3n<\/span><\/p><span style=\"color: rgb(255, 255, 255);\"><br><\/span><p style=\"text-align: center;\"><span style=\"color: rgb(255, 255, 255);\">Mark Teant<\/span><\/p>\n\n\n\n\n<p style=\"text-align: left;\"><span style=\"color: rgb(255, 255, 255);\">La biocat\u00e1lisis en medios no convencionales, hace posible&nbsp; aplicar las enzimas en reacciones de s\u00edntesis para la obtenci\u00f3n de diferentes productos.<\/span><\/p><span style=\"color: rgb(255, 255, 255);\"><br><\/span><p style=\"text-align: center;\"><span style=\"color: rgb(255, 255, 255);\">Deanna Russell<\/span><\/p>\n\n\n\n\n<p style=\"text-align: left;\"><span style=\"color: rgb(255, 255, 255);\">La intensificaci\u00f3n e integraci\u00f3n de procesos son herramientas fundamentales para el desarrollo de un bioproceso.<\/span><\/p><span style=\"color: rgb(255, 255, 255);\"><br><\/span><p style=\"text-align: center;\"><span style=\"color: rgb(255, 255, 255);\">Mark Teant<\/span><\/p>\n\n\n\n\n","protected":false},"excerpt":{"rendered":"","protected":false},"author":0,"featured_media":190,"parent":0,"menu_order":0,"comment_status":"closed","ping_status":"closed","template":"","meta":{"footnotes":""},"class_list":["post-24","page","type-page","status-publish","has-post-thumbnail","hentry"],"_links":{"self":[{"href":"http:\/\/nadiaguajardo.cl\/wp\/wp-json\/wp\/v2\/pages\/24","targetHints":{"allow":["GET"]}}],"collection":[{"href":"http:\/\/nadiaguajardo.cl\/wp\/wp-json\/wp\/v2\/pages"}],"about":[{"href":"http:\/\/nadiaguajardo.cl\/wp\/wp-json\/wp\/v2\/types\/page"}],"replies":[{"embeddable":true,"href":"http:\/\/nadiaguajardo.cl\/wp\/wp-json\/wp\/v2\/comments?post=24"}],"version-history":[{"count":25,"href":"http:\/\/nadiaguajardo.cl\/wp\/wp-json\/wp\/v2\/pages\/24\/revisions"}],"predecessor-version":[{"id":191,"href":"http:\/\/nadiaguajardo.cl\/wp\/wp-json\/wp\/v2\/pages\/24\/revisions\/191"}],"wp:featuredmedia":[{"embeddable":true,"href":"http:\/\/nadiaguajardo.cl\/wp\/wp-json\/wp\/v2\/media\/190"}],"wp:attachment":[{"href":"http:\/\/nadiaguajardo.cl\/wp\/wp-json\/wp\/v2\/media?parent=24"}],"curies":[{"name":"wp","href":"https:\/\/api.w.org\/{rel}","templated":true}]}}